{"id":2611,"date":"2025-08-18T11:26:21","date_gmt":"2025-08-18T11:26:21","guid":{"rendered":"https:\/\/naturalscience.com.co\/?page_id=2611"},"modified":"2025-09-18T01:27:04","modified_gmt":"2025-09-18T01:27:04","slug":"historia","status":"publish","type":"page","link":"https:\/\/naturalscience.com.co\/en\/historia\/","title":{"rendered":"Company history"},"content":{"rendered":"<div class=\"wp-block-group alignwide has-global-padding is-layout-constrained wp-block-group-is-layout-constrained\" style=\"margin-top:80px\">\n<h1 class=\"wp-block-heading\">We are KNS<\/h1>\n\n\n\n<div class=\"wp-block-group is-nowrap is-layout-flex wp-container-core-group-is-layout-f66f9956 wp-block-group-is-layout-flex\">\n<p class=\"text-deco-none has-accent-4-color has-text-color has-link-color wp-elements-7705a636379024192e13b79fe2c0d4d6\"><strong><a href=\"https:\/\/naturalscience.com.co\/en\/somos\/\" data-type=\"page\" data-id=\"12\">About KNS<\/a><\/strong><\/p>\n\n\n\n<div class=\"wp-block-group is-vertical is-layout-flex wp-container-core-group-is-layout-cf612fd2 wp-block-group-is-layout-flex\">\n<p style=\"padding-right:var(--wp--preset--spacing--20);padding-left:var(--wp--preset--spacing--20)\"><strong>Company history<\/strong><\/p>\n\n\n\n<hr class=\"heading-b-line w-full\" \/>\n<\/div>\n<\/div>\n<\/div>\n\n\n\n<div class=\"wp-block-group has-global-padding is-layout-constrained wp-block-group-is-layout-constrained\" style=\"padding-top:var(--wp--preset--spacing--50);padding-bottom:var(--wp--preset--spacing--50)\">\n<div class=\"wp-block-cover alignwide\" style=\"border-radius:40px;padding-top:var(--wp--preset--spacing--50);padding-right:var(--wp--preset--spacing--50);padding-bottom:var(--wp--preset--spacing--50);padding-left:var(--wp--preset--spacing--50)\"><img loading=\"lazy\" decoding=\"async\" width=\"1024\" height=\"683\" class=\"wp-block-cover__image-background wp-image-2697 size-large\" alt=\"inspection\" src=\"https:\/\/naturalscience.com.co\/wp-content\/uploads\/2025\/08\/inspection-1024x683.jpg\" data-object-fit=\"cover\" srcset=\"https:\/\/naturalscience.com.co\/wp-content\/uploads\/2025\/08\/inspection-1024x683.jpg 1024w, https:\/\/naturalscience.com.co\/wp-content\/uploads\/2025\/08\/inspection-300x200.jpg 300w, https:\/\/naturalscience.com.co\/wp-content\/uploads\/2025\/08\/inspection-768x512.jpg 768w, https:\/\/naturalscience.com.co\/wp-content\/uploads\/2025\/08\/inspection-1536x1024.jpg 1536w, https:\/\/naturalscience.com.co\/wp-content\/uploads\/2025\/08\/inspection-2048x1365.jpg 2048w, https:\/\/naturalscience.com.co\/wp-content\/uploads\/2025\/08\/inspection-18x12.jpg 18w\" sizes=\"auto, (max-width: 1024px) 100vw, 1024px\" \/><span aria-hidden=\"true\" class=\"wp-block-cover__background has-contrast-background-color has-background-dim-40 has-background-dim\"><\/span><div class=\"wp-block-cover__inner-container is-layout-flow wp-block-cover-is-layout-flow\">\n<p class=\"has-text-align-left max-w-350px has-x-large-font-size\">Science and nature united for sustainable well-being<\/p>\n<\/div><\/div>\n<\/div>\n\n\n\n<div class=\"wp-block-group relative has-global-padding is-layout-constrained wp-container-core-group-is-layout-1a769b1a wp-block-group-is-layout-constrained\" style=\"padding-top:var(--wp--preset--spacing--50);padding-bottom:var(--wp--preset--spacing--50)\">\n<div class=\"wp-block-group has-global-padding is-layout-constrained wp-block-group-is-layout-constrained\">\n<h2 class=\"wp-block-heading has-text-align-center\"><strong>Chronology of Milestones<\/strong><\/h2>\n\n\n\n<hr class=\"vr mobile-hidden\" aria-hidden=\"true\">\n<\/div>\n\n\n\n<div class=\"wp-block-columns is-layout-flex wp-container-core-columns-is-layout-28f84493 wp-block-columns-is-layout-flex\">\n<div class=\"wp-block-column is-layout-flow wp-block-column-is-layout-flow\" style=\"padding-top:0;padding-right:var(--wp--preset--spacing--30);padding-bottom:0;padding-left:var(--wp--preset--spacing--30);flex-basis:50%\">\n<div class=\"wp-block-group has-global-padding is-content-justification-right is-layout-constrained wp-container-core-group-is-layout-f1f2ed93 wp-block-group-is-layout-constrained\">\n<p class=\"has-text-align-right\" style=\"font-size:clamp(3.037rem, 3.037rem + ((1vw - 0.2rem) * 4.648), 6rem);font-style:normal;font-weight:1000;line-height:1\">2019<\/p>\n\n\n\n<p class=\"has-text-align-right has-philosopher-font-family has-large-font-size\" style=\"font-style:normal;font-weight:700\">Development of Scent-X<\/p>\n\n\n\n<p class=\"has-text-align-right has-philosopher-font-family has-large-font-size\" style=\"font-style:normal;font-weight:700\">Patent Application<\/p>\n<\/div>\n<\/div>\n\n\n\n<div class=\"wp-block-column is-vertically-aligned-top is-layout-flow wp-container-core-column-is-layout-31adc63b wp-block-column-is-layout-flow\" style=\"padding-right:var(--wp--preset--spacing--30);padding-left:var(--wp--preset--spacing--30);flex-basis:50%\">\n<div class=\"wp-block-group is-vertical is-layout-flex wp-container-core-group-is-layout-84fae65e wp-block-group-is-layout-flex\">\n<figure class=\"wp-block-image size-large has-custom-border max-w-350px\"><img loading=\"lazy\" decoding=\"async\" width=\"1024\" height=\"576\" src=\"https:\/\/naturalscience.com.co\/wp-content\/uploads\/2025\/09\/smoky-drink-1024x576.jpg\" alt=\"\" class=\"wp-image-2953\" style=\"border-radius:24px\" srcset=\"https:\/\/naturalscience.com.co\/wp-content\/uploads\/2025\/09\/smoky-drink-1024x576.jpg 1024w, https:\/\/naturalscience.com.co\/wp-content\/uploads\/2025\/09\/smoky-drink-300x169.jpg 300w, https:\/\/naturalscience.com.co\/wp-content\/uploads\/2025\/09\/smoky-drink-768x432.jpg 768w, https:\/\/naturalscience.com.co\/wp-content\/uploads\/2025\/09\/smoky-drink-1536x864.jpg 1536w, https:\/\/naturalscience.com.co\/wp-content\/uploads\/2025\/09\/smoky-drink-18x10.jpg 18w, https:\/\/naturalscience.com.co\/wp-content\/uploads\/2025\/09\/smoky-drink.jpg 1920w\" sizes=\"auto, (max-width: 1024px) 100vw, 1024px\" \/><\/figure>\n<\/div>\n<\/div>\n<\/div>\n\n\n\n<div class=\"wp-block-columns is-layout-flex wp-container-core-columns-is-layout-28f84493 wp-block-columns-is-layout-flex\">\n<div class=\"wp-block-column is-layout-flow wp-container-core-column-is-layout-31adc63b wp-block-column-is-layout-flow\" style=\"padding-right:var(--wp--preset--spacing--30);padding-left:var(--wp--preset--spacing--30);flex-basis:50%\">\n<div class=\"wp-block-group is-vertical is-content-justification-right is-layout-flex wp-container-core-group-is-layout-57c4dde4 wp-block-group-is-layout-flex\">\n<figure class=\"wp-block-image size-large has-custom-border max-w-350px\"><img loading=\"lazy\" decoding=\"async\" width=\"1024\" height=\"768\" src=\"https:\/\/naturalscience.com.co\/wp-content\/uploads\/2025\/09\/lab-intro-1024x768.jpg\" alt=\"\" class=\"wp-image-2955\" style=\"border-radius:24px\" srcset=\"https:\/\/naturalscience.com.co\/wp-content\/uploads\/2025\/09\/lab-intro-1024x768.jpg 1024w, https:\/\/naturalscience.com.co\/wp-content\/uploads\/2025\/09\/lab-intro-300x225.jpg 300w, https:\/\/naturalscience.com.co\/wp-content\/uploads\/2025\/09\/lab-intro-768x576.jpg 768w, https:\/\/naturalscience.com.co\/wp-content\/uploads\/2025\/09\/lab-intro-1536x1152.jpg 1536w, https:\/\/naturalscience.com.co\/wp-content\/uploads\/2025\/09\/lab-intro-2048x1536.jpg 2048w, https:\/\/naturalscience.com.co\/wp-content\/uploads\/2025\/09\/lab-intro-16x12.jpg 16w\" sizes=\"auto, (max-width: 1024px) 100vw, 1024px\" \/><\/figure>\n<\/div>\n<\/div>\n\n\n\n<div class=\"wp-block-column is-layout-flow wp-block-column-is-layout-flow\" style=\"padding-top:0;padding-right:var(--wp--preset--spacing--30);padding-bottom:0;padding-left:var(--wp--preset--spacing--30);flex-basis:50%\">\n<div class=\"wp-block-group has-global-padding is-content-justification-left is-layout-constrained wp-container-core-group-is-layout-12dd3699 wp-block-group-is-layout-constrained\">\n<p class=\"has-text-align-left\" style=\"font-size:clamp(3.037rem, 3.037rem + ((1vw - 0.2rem) * 4.648), 6rem);font-style:normal;font-weight:1000\">2020<\/p>\n\n\n\n<p class=\"has-philosopher-font-family has-large-font-size\" style=\"font-style:normal;font-weight:700\">Product Development USA<\/p>\n\n\n\n<p class=\"has-philosopher-font-family has-large-font-size\" style=\"font-style:normal;font-weight:700\"><strong>Patent Application<\/strong> PCT<\/p>\n<\/div>\n<\/div>\n<\/div>\n\n\n\n<div class=\"wp-block-columns is-layout-flex wp-container-core-columns-is-layout-28f84493 wp-block-columns-is-layout-flex\">\n<div class=\"wp-block-column is-layout-flow wp-block-column-is-layout-flow\" style=\"padding-top:0;padding-right:var(--wp--preset--spacing--30);padding-bottom:0;padding-left:var(--wp--preset--spacing--30);flex-basis:50%\">\n<div class=\"wp-block-group has-global-padding is-content-justification-right is-layout-constrained wp-container-core-group-is-layout-f1f2ed93 wp-block-group-is-layout-constrained\">\n<p class=\"has-text-align-right\" style=\"font-size:clamp(3.037rem, 3.037rem + ((1vw - 0.2rem) * 4.648), 6rem);font-style:normal;font-weight:1000;line-height:1\">2021<\/p>\n\n\n\n<p class=\"has-text-align-right has-philosopher-font-family has-large-font-size\" style=\"font-style:normal;font-weight:700\">Strategic Alliance with Torch<\/p>\n\n\n\n<p class=\"has-text-align-right has-philosopher-font-family has-large-font-size\" style=\"font-style:normal;font-weight:700\">Export of Products to the USA<\/p>\n<\/div>\n<\/div>\n\n\n\n<div class=\"wp-block-column is-vertically-aligned-top is-layout-flow wp-container-core-column-is-layout-31adc63b wp-block-column-is-layout-flow\" style=\"padding-right:var(--wp--preset--spacing--30);padding-left:var(--wp--preset--spacing--30);flex-basis:50%\">\n<div class=\"wp-block-group is-vertical is-layout-flex wp-container-core-group-is-layout-84fae65e wp-block-group-is-layout-flex\">\n<figure class=\"wp-block-image size-large has-custom-border max-w-350px\"><img loading=\"lazy\" decoding=\"async\" width=\"1024\" height=\"576\" src=\"https:\/\/naturalscience.com.co\/wp-content\/uploads\/2025\/09\/desarrollo-1024x576.jpg\" alt=\"\" class=\"wp-image-2952\" style=\"border-radius:24px\" srcset=\"https:\/\/naturalscience.com.co\/wp-content\/uploads\/2025\/09\/desarrollo-1024x576.jpg 1024w, https:\/\/naturalscience.com.co\/wp-content\/uploads\/2025\/09\/desarrollo-300x169.jpg 300w, https:\/\/naturalscience.com.co\/wp-content\/uploads\/2025\/09\/desarrollo-768x432.jpg 768w, https:\/\/naturalscience.com.co\/wp-content\/uploads\/2025\/09\/desarrollo-1536x864.jpg 1536w, https:\/\/naturalscience.com.co\/wp-content\/uploads\/2025\/09\/desarrollo-18x10.jpg 18w, https:\/\/naturalscience.com.co\/wp-content\/uploads\/2025\/09\/desarrollo.jpg 1920w\" sizes=\"auto, (max-width: 1024px) 100vw, 1024px\" \/><\/figure>\n<\/div>\n<\/div>\n<\/div>\n\n\n\n<div class=\"wp-block-columns is-layout-flex wp-container-core-columns-is-layout-28f84493 wp-block-columns-is-layout-flex\">\n<div class=\"wp-block-column is-layout-flow wp-container-core-column-is-layout-31adc63b wp-block-column-is-layout-flow\" style=\"padding-right:var(--wp--preset--spacing--30);padding-left:var(--wp--preset--spacing--30);flex-basis:50%\">\n<div class=\"wp-block-group is-vertical is-content-justification-right is-layout-flex wp-container-core-group-is-layout-57c4dde4 wp-block-group-is-layout-flex\">\n<figure class=\"wp-block-image size-large has-custom-border max-w-350px\"><img loading=\"lazy\" decoding=\"async\" width=\"1024\" height=\"768\" src=\"https:\/\/naturalscience.com.co\/wp-content\/uploads\/2025\/09\/premio-angela-1024x768.jpg\" alt=\"\" class=\"wp-image-2951\" style=\"border-radius:24px\" srcset=\"https:\/\/naturalscience.com.co\/wp-content\/uploads\/2025\/09\/premio-angela-1024x768.jpg 1024w, https:\/\/naturalscience.com.co\/wp-content\/uploads\/2025\/09\/premio-angela-300x225.jpg 300w, https:\/\/naturalscience.com.co\/wp-content\/uploads\/2025\/09\/premio-angela-768x576.jpg 768w, https:\/\/naturalscience.com.co\/wp-content\/uploads\/2025\/09\/premio-angela-1536x1152.jpg 1536w, https:\/\/naturalscience.com.co\/wp-content\/uploads\/2025\/09\/premio-angela-2048x1536.jpg 2048w, https:\/\/naturalscience.com.co\/wp-content\/uploads\/2025\/09\/premio-angela-16x12.jpg 16w\" sizes=\"auto, (max-width: 1024px) 100vw, 1024px\" \/><\/figure>\n<\/div>\n<\/div>\n\n\n\n<div class=\"wp-block-column is-layout-flow wp-block-column-is-layout-flow\" style=\"padding-top:0;padding-right:var(--wp--preset--spacing--30);padding-bottom:0;padding-left:var(--wp--preset--spacing--30);flex-basis:50%\">\n<div class=\"wp-block-group has-global-padding is-content-justification-left is-layout-constrained wp-container-core-group-is-layout-12dd3699 wp-block-group-is-layout-constrained\">\n<p class=\"has-text-align-left\" style=\"font-size:clamp(3.037rem, 3.037rem + ((1vw - 0.2rem) * 4.648), 6rem);font-style:normal;font-weight:1000\">2022<\/p>\n<\/div>\n\n\n\n<p class=\"has-philosopher-font-family has-large-font-size\" style=\"font-style:normal;font-weight:700\">Angela Restrepo Award<\/p>\n\n\n\n<p class=\"has-philosopher-font-family has-large-font-size\" style=\"font-style:normal;font-weight:700\">Scale-up<\/p>\n\n\n\n<p class=\"has-philosopher-font-family has-large-font-size\" style=\"font-style:normal;font-weight:700\">Patent Applications<\/p>\n<\/div>\n<\/div>\n\n\n\n<div class=\"wp-block-columns is-layout-flex wp-container-core-columns-is-layout-28f84493 wp-block-columns-is-layout-flex\">\n<div class=\"wp-block-column is-layout-flow wp-block-column-is-layout-flow\" style=\"padding-top:0;padding-right:var(--wp--preset--spacing--30);padding-bottom:0;padding-left:var(--wp--preset--spacing--30);flex-basis:50%\">\n<div class=\"wp-block-group has-global-padding is-content-justification-right is-layout-constrained wp-container-core-group-is-layout-f1f2ed93 wp-block-group-is-layout-constrained\">\n<p class=\"has-text-align-right\" style=\"font-size:clamp(3.037rem, 3.037rem + ((1vw - 0.2rem) * 4.648), 6rem);font-style:normal;font-weight:1000;line-height:1\">2023<\/p>\n\n\n\n<p class=\"has-text-align-right has-philosopher-font-family has-large-font-size\" style=\"font-style:normal;font-weight:700\">Granting of Scent-X Patent<\/p>\n\n\n\n<p class=\"has-text-align-right has-philosopher-font-family has-large-font-size\" style=\"font-style:normal;font-weight:700\">Development of Espora and Alcoholic Beverages<\/p>\n<\/div>\n<\/div>\n\n\n\n<div class=\"wp-block-column is-vertically-aligned-top is-layout-flow wp-container-core-column-is-layout-31adc63b wp-block-column-is-layout-flow\" style=\"padding-right:var(--wp--preset--spacing--30);padding-left:var(--wp--preset--spacing--30);flex-basis:50%\">\n<div class=\"wp-block-group is-vertical is-layout-flex wp-container-core-group-is-layout-84fae65e wp-block-group-is-layout-flex\">\n<figure class=\"wp-block-image size-full has-custom-border max-w-350px\"><img loading=\"lazy\" decoding=\"async\" width=\"1920\" height=\"1080\" src=\"https:\/\/naturalscience.com.co\/wp-content\/uploads\/2025\/09\/espora.jpg\" alt=\"\" class=\"wp-image-2950\" style=\"border-radius:24px\" srcset=\"https:\/\/naturalscience.com.co\/wp-content\/uploads\/2025\/09\/espora.jpg 1920w, https:\/\/naturalscience.com.co\/wp-content\/uploads\/2025\/09\/espora-300x169.jpg 300w, https:\/\/naturalscience.com.co\/wp-content\/uploads\/2025\/09\/espora-1024x576.jpg 1024w, https:\/\/naturalscience.com.co\/wp-content\/uploads\/2025\/09\/espora-768x432.jpg 768w, https:\/\/naturalscience.com.co\/wp-content\/uploads\/2025\/09\/espora-1536x864.jpg 1536w, https:\/\/naturalscience.com.co\/wp-content\/uploads\/2025\/09\/espora-18x10.jpg 18w\" sizes=\"auto, (max-width: 1920px) 100vw, 1920px\" \/><\/figure>\n<\/div>\n<\/div>\n<\/div>\n\n\n\n<div class=\"wp-block-columns is-layout-flex wp-container-core-columns-is-layout-28f84493 wp-block-columns-is-layout-flex\">\n<div class=\"wp-block-column is-layout-flow wp-container-core-column-is-layout-31adc63b wp-block-column-is-layout-flow\" style=\"padding-right:var(--wp--preset--spacing--30);padding-left:var(--wp--preset--spacing--30);flex-basis:50%\">\n<div class=\"wp-block-group is-vertical is-content-justification-right is-layout-flex wp-container-core-group-is-layout-57c4dde4 wp-block-group-is-layout-flex\">\n<figure class=\"wp-block-image size-large has-custom-border max-w-350px\"><img loading=\"lazy\" decoding=\"async\" width=\"1024\" height=\"768\" src=\"https:\/\/naturalscience.com.co\/wp-content\/uploads\/2025\/09\/lab-meeting-1024x768.jpg\" alt=\"\" class=\"wp-image-2954\" style=\"border-radius:24px\" srcset=\"https:\/\/naturalscience.com.co\/wp-content\/uploads\/2025\/09\/lab-meeting-1024x768.jpg 1024w, https:\/\/naturalscience.com.co\/wp-content\/uploads\/2025\/09\/lab-meeting-300x225.jpg 300w, https:\/\/naturalscience.com.co\/wp-content\/uploads\/2025\/09\/lab-meeting-768x576.jpg 768w, https:\/\/naturalscience.com.co\/wp-content\/uploads\/2025\/09\/lab-meeting-1536x1152.jpg 1536w, https:\/\/naturalscience.com.co\/wp-content\/uploads\/2025\/09\/lab-meeting-2048x1536.jpg 2048w, https:\/\/naturalscience.com.co\/wp-content\/uploads\/2025\/09\/lab-meeting-16x12.jpg 16w\" sizes=\"auto, (max-width: 1024px) 100vw, 1024px\" \/><\/figure>\n<\/div>\n<\/div>\n\n\n\n<div class=\"wp-block-column is-layout-flow wp-block-column-is-layout-flow\" style=\"padding-top:0;padding-right:var(--wp--preset--spacing--30);padding-bottom:0;padding-left:var(--wp--preset--spacing--30);flex-basis:50%\">\n<div class=\"wp-block-group has-global-padding is-content-justification-left is-layout-constrained wp-container-core-group-is-layout-12dd3699 wp-block-group-is-layout-constrained\">\n<p class=\"has-text-align-left\" style=\"font-size:clamp(3.037rem, 3.037rem + ((1vw - 0.2rem) * 4.648), 6rem);font-style:normal;font-weight:1000\">2024<\/p>\n\n\n\n<p class=\"has-philosopher-font-family has-large-font-size\" style=\"font-style:normal;font-weight:700\">Research Center<\/p>\n\n\n\n<p class=\"has-philosopher-font-family has-large-font-size\" style=\"font-style:normal;font-weight:700\">Strategic Alliance<\/p>\n<\/div>\n<\/div>\n<\/div>\n\n\n\n<div class=\"wp-block-columns is-layout-flex wp-container-core-columns-is-layout-28f84493 wp-block-columns-is-layout-flex\">\n<div class=\"wp-block-column is-layout-flow wp-block-column-is-layout-flow\" style=\"padding-top:0;padding-right:var(--wp--preset--spacing--30);padding-bottom:0;padding-left:var(--wp--preset--spacing--30);flex-basis:50%\">\n<div class=\"wp-block-group has-global-padding is-content-justification-right is-layout-constrained wp-container-core-group-is-layout-f1f2ed93 wp-block-group-is-layout-constrained\">\n<p class=\"has-text-align-right\" style=\"font-size:clamp(3.037rem, 3.037rem + ((1vw - 0.2rem) * 4.648), 6rem);font-style:normal;font-weight:1000;line-height:1\">2025<\/p>\n\n\n\n<p class=\"has-text-align-right has-philosopher-font-family has-large-font-size\" style=\"font-style:normal;font-weight:700\">New Developments<\/p>\n\n\n\n<p class=\"has-text-align-right has-philosopher-font-family has-large-font-size\" style=\"font-style:normal;font-weight:700\">Market Expansion<\/p>\n<\/div>\n<\/div>\n\n\n\n<div class=\"wp-block-column is-vertically-aligned-top is-layout-flow wp-container-core-column-is-layout-31adc63b wp-block-column-is-layout-flow\" style=\"padding-right:var(--wp--preset--spacing--30);padding-left:var(--wp--preset--spacing--30);flex-basis:50%\">\n<div class=\"wp-block-group is-vertical is-layout-flex wp-container-core-group-is-layout-84fae65e wp-block-group-is-layout-flex\">\n<figure class=\"wp-block-image size-large has-custom-border max-w-350px\"><img loading=\"lazy\" decoding=\"async\" width=\"1024\" height=\"576\" src=\"https:\/\/naturalscience.com.co\/wp-content\/uploads\/2025\/09\/17-1024x576.jpg\" alt=\"\" class=\"wp-image-2956\" style=\"border-radius:24px\" srcset=\"https:\/\/naturalscience.com.co\/wp-content\/uploads\/2025\/09\/17-1024x576.jpg 1024w, https:\/\/naturalscience.com.co\/wp-content\/uploads\/2025\/09\/17-300x169.jpg 300w, https:\/\/naturalscience.com.co\/wp-content\/uploads\/2025\/09\/17-768x432.jpg 768w, https:\/\/naturalscience.com.co\/wp-content\/uploads\/2025\/09\/17-1536x864.jpg 1536w, https:\/\/naturalscience.com.co\/wp-content\/uploads\/2025\/09\/17-18x10.jpg 18w, https:\/\/naturalscience.com.co\/wp-content\/uploads\/2025\/09\/17.jpg 1920w\" sizes=\"auto, (max-width: 1024px) 100vw, 1024px\" \/><\/figure>\n<\/div>\n<\/div>\n<\/div>\n<\/div>","protected":false},"excerpt":{"rendered":"<p>Somos KNS Sobre KNS Historia Cronolog\u00eda de hitos 2019 Desarrollo Scent-X Solicitud de Patente 2020 Desarrollo productos USA Solicitud de Patente PCT 2021 Alianza estrat\u00e9gica Torch Exportaci\u00f3n productos USA 2022 Premio Angela Restrepo Escalonamiento Solicitud patentes 2023 Obtenci\u00f3n de Patente Scent-X Desarrollo Espora y Bebidas Alcoh\u00f3licas 2024 Centro de investigaci\u00f3n Alianza estrat\u00e9gica 2025 Nuevos desarrollos [&hellip;]<\/p>","protected":false},"author":1,"featured_media":0,"parent":0,"menu_order":0,"comment_status":"closed","ping_status":"closed","template":"page-no-title","meta":{"footnotes":""},"class_list":["post-2611","page","type-page","status-publish","hentry"],"aioseo_notices":[],"_links":{"self":[{"href":"https:\/\/naturalscience.com.co\/en\/wp-json\/wp\/v2\/pages\/2611","targetHints":{"allow":["GET"]}}],"collection":[{"href":"https:\/\/naturalscience.com.co\/en\/wp-json\/wp\/v2\/pages"}],"about":[{"href":"https:\/\/naturalscience.com.co\/en\/wp-json\/wp\/v2\/types\/page"}],"author":[{"embeddable":true,"href":"https:\/\/naturalscience.com.co\/en\/wp-json\/wp\/v2\/users\/1"}],"replies":[{"embeddable":true,"href":"https:\/\/naturalscience.com.co\/en\/wp-json\/wp\/v2\/comments?post=2611"}],"version-history":[{"count":13,"href":"https:\/\/naturalscience.com.co\/en\/wp-json\/wp\/v2\/pages\/2611\/revisions"}],"predecessor-version":[{"id":2957,"href":"https:\/\/naturalscience.com.co\/en\/wp-json\/wp\/v2\/pages\/2611\/revisions\/2957"}],"wp:attachment":[{"href":"https:\/\/naturalscience.com.co\/en\/wp-json\/wp\/v2\/media?parent=2611"}],"curies":[{"name":"wp","href":"https:\/\/api.w.org\/{rel}","templated":true}]}}