{"id":2510,"date":"2025-08-12T08:54:33","date_gmt":"2025-08-12T08:54:33","guid":{"rendered":"https:\/\/naturalscience.com.co\/?page_id=2510"},"modified":"2025-09-15T07:39:52","modified_gmt":"2025-09-15T07:39:52","slug":"cursos-experiencias","status":"publish","type":"page","link":"https:\/\/naturalscience.com.co\/en\/cursos-experiencias\/","title":{"rendered":"Cursos &#038; Experiencias"},"content":{"rendered":"<div class=\"wp-block-group alignwide has-global-padding is-layout-constrained wp-block-group-is-layout-constrained\" style=\"margin-top:80px;margin-bottom:0\">\n<h1 class=\"wp-block-heading\">Course &amp; Experiences<\/h1>\n\n\n\n<p>Aprende ciencia aplicada, sin humo.<\/p>\n<\/div>\n\n\n\n<div class=\"wp-block-group alignwide is-layout-grid wp-container-core-group-is-layout-cf7bc6a5 wp-block-group-is-layout-grid\" style=\"padding-top:var(--wp--preset--spacing--50);padding-bottom:var(--wp--preset--spacing--50)\">\n<div class=\"wp-block-group has-accent-5-background-color has-background has-global-padding is-layout-constrained wp-container-core-group-is-layout-80fb368b wp-block-group-is-layout-constrained\" style=\"border-radius:24px;padding-top:var(--wp--preset--spacing--30);padding-right:var(--wp--preset--spacing--30);padding-bottom:var(--wp--preset--spacing--30);padding-left:var(--wp--preset--spacing--30);box-shadow:var(--wp--preset--shadow--natural)\">\n<figure class=\"wp-block-image size-large has-custom-border w-full\"><img loading=\"lazy\" decoding=\"async\" width=\"1024\" height=\"652\" src=\"https:\/\/naturalscience.com.co\/wp-content\/uploads\/2025\/08\/ambiental-1024x652.jpg\" alt=\"ambiental\" class=\"wp-image-2674\" style=\"border-radius:16px;object-fit:cover\" srcset=\"https:\/\/naturalscience.com.co\/wp-content\/uploads\/2025\/08\/ambiental-1024x652.jpg 1024w, https:\/\/naturalscience.com.co\/wp-content\/uploads\/2025\/08\/ambiental-300x191.jpg 300w, https:\/\/naturalscience.com.co\/wp-content\/uploads\/2025\/08\/ambiental-768x489.jpg 768w, https:\/\/naturalscience.com.co\/wp-content\/uploads\/2025\/08\/ambiental-1536x978.jpg 1536w, https:\/\/naturalscience.com.co\/wp-content\/uploads\/2025\/08\/ambiental-2048x1304.jpg 2048w, https:\/\/naturalscience.com.co\/wp-content\/uploads\/2025\/08\/ambiental-18x12.jpg 18w\" sizes=\"auto, (max-width: 1024px) 100vw, 1024px\" \/><\/figure>\n\n\n\n<div class=\"wp-block-group is-vertical is-layout-flex wp-container-core-group-is-layout-30a70405 wp-block-group-is-layout-flex\">\n<h5 class=\"wp-block-heading\" style=\"font-style:normal;font-weight:600\">Alquimia en la Monta\u00f1a<\/h5>\n\n\n\n<p class=\"has-accent-2-color has-text-color has-link-color has-small-font-size wp-elements-7d55c92bfb61aa4f2b084b2ced628ddb\">Duraci\u00f3n: 8\u201312h <\/p>\n\n\n\n<p class=\"has-accent-2-color has-text-color has-link-color has-small-font-size wp-elements-16a8aa26ae5410d199f276d7859c66b0\">Formato: Presencial<\/p>\n\n\n\n<p class=\"has-small-font-size\">Taller pr\u00e1ctico de destilaci\u00f3n bot\u00e1nica en peque\u00f1o formato. Dise\u00f1a recetas, ejecuta cortes con seguridad y controla calidad\u2026<\/p>\n<\/div>\n\n\n\n<div class=\"wp-block-buttons w-full is-layout-flex wp-block-buttons-is-layout-flex\">\n<div class=\"wp-block-button has-custom-width wp-block-button__width-100\"><a class=\"wp-block-button__link has-accent-2-background-color has-background has-custom-font-size wp-element-button\" href=\"https:\/\/naturalscience.com.co\/en\/hi-hi-course\/\" style=\"padding-top:var(--wp--preset--spacing--20);padding-bottom:var(--wp--preset--spacing--20);font-size:clamp(0.875rem, 0.875rem + ((1vw - 0.2rem) * 0.196), 1rem);\">Ver m\u00e1s \u2192<\/a><\/div>\n<\/div>\n<\/div>\n\n\n\n<div class=\"wp-block-group has-accent-5-background-color has-background has-global-padding is-layout-constrained wp-container-core-group-is-layout-80fb368b wp-block-group-is-layout-constrained\" style=\"border-radius:24px;padding-top:var(--wp--preset--spacing--30);padding-right:var(--wp--preset--spacing--30);padding-bottom:var(--wp--preset--spacing--30);padding-left:var(--wp--preset--spacing--30)\">\n<figure class=\"wp-block-image size-large has-custom-border w-full\"><img loading=\"lazy\" decoding=\"async\" width=\"1024\" height=\"652\" src=\"https:\/\/naturalscience.com.co\/wp-content\/uploads\/2025\/08\/ambiental-1024x652.jpg\" alt=\"ambiental\" class=\"wp-image-2674\" style=\"border-radius:16px;object-fit:cover\" srcset=\"https:\/\/naturalscience.com.co\/wp-content\/uploads\/2025\/08\/ambiental-1024x652.jpg 1024w, https:\/\/naturalscience.com.co\/wp-content\/uploads\/2025\/08\/ambiental-300x191.jpg 300w, https:\/\/naturalscience.com.co\/wp-content\/uploads\/2025\/08\/ambiental-768x489.jpg 768w, https:\/\/naturalscience.com.co\/wp-content\/uploads\/2025\/08\/ambiental-1536x978.jpg 1536w, https:\/\/naturalscience.com.co\/wp-content\/uploads\/2025\/08\/ambiental-2048x1304.jpg 2048w, https:\/\/naturalscience.com.co\/wp-content\/uploads\/2025\/08\/ambiental-18x12.jpg 18w\" sizes=\"auto, (max-width: 1024px) 100vw, 1024px\" \/><\/figure>\n\n\n\n<div class=\"wp-block-group is-vertical is-layout-flex wp-container-core-group-is-layout-30a70405 wp-block-group-is-layout-flex\">\n<h5 class=\"wp-block-heading\" style=\"font-style:normal;font-weight:600\">Alquimia en la Monta\u00f1a<\/h5>\n\n\n\n<p class=\"has-accent-2-color has-text-color has-link-color has-small-font-size wp-elements-7d55c92bfb61aa4f2b084b2ced628ddb\">Duraci\u00f3n: 8\u201312h <\/p>\n\n\n\n<p class=\"has-accent-2-color has-text-color has-link-color has-small-font-size wp-elements-16a8aa26ae5410d199f276d7859c66b0\">Formato: Presencial<\/p>\n\n\n\n<p class=\"has-small-font-size\">Taller pr\u00e1ctico de destilaci\u00f3n bot\u00e1nica en peque\u00f1o formato. Dise\u00f1a recetas, ejecuta cortes con seguridad y controla calidad\u2026<\/p>\n<\/div>\n\n\n\n<div class=\"wp-block-buttons w-full is-layout-flex wp-block-buttons-is-layout-flex\">\n<div class=\"wp-block-button has-custom-width wp-block-button__width-100\"><a class=\"wp-block-button__link has-contrast-color has-accent-4-background-color has-text-color has-background has-link-color has-custom-font-size wp-element-button\" style=\"padding-top:var(--wp--preset--spacing--20);padding-bottom:var(--wp--preset--spacing--20);font-size:clamp(0.875rem, 0.875rem + ((1vw - 0.2rem) * 0.196), 1rem);\">Ya no est\u00e1 disponible&#8230;<\/a><\/div>\n<\/div>\n<\/div>\n<\/div>\n\n\n\n<div class=\"wp-block-group has-global-padding is-layout-constrained wp-container-core-group-is-layout-e1a3351e wp-block-group-is-layout-constrained\" style=\"margin-top:120px;padding-top:var(--wp--preset--spacing--50);padding-right:8vw;padding-bottom:var(--wp--preset--spacing--50);padding-left:8vw\">\n<div class=\"wp-block-group max-w-500px has-global-padding is-layout-constrained wp-block-group-is-layout-constrained\">\n<h2 class=\"wp-block-heading has-text-align-center\">Ready to innovate with us?<\/h2>\n\n\n\n<hr class=\"heading-b-line\" \/>\n\n\n\n<p class=\"has-text-align-center\">Discover how our solutions can transform your project and contribute to a more sustainable future.<\/p>\n\n\n\n<div class=\"wp-block-buttons is-content-justification-center is-layout-flex wp-container-core-buttons-is-layout-a89b3969 wp-block-buttons-is-layout-flex\">\n<div class=\"wp-block-button\"><a class=\"wp-block-button__link wp-element-button\" href=\"https:\/\/naturalscience.com.co\/en\/contact\/\">Get in touch<\/a><\/div>\n<\/div>\n<\/div>\n<\/div>","protected":false},"excerpt":{"rendered":"<p>Cursos &amp; Experiencias Aprende ciencia aplicada, sin humo. Alquimia en la Monta\u00f1a Duraci\u00f3n: 8\u201312h Formato: Presencial Taller pr\u00e1ctico de destilaci\u00f3n bot\u00e1nica en peque\u00f1o formato. Dise\u00f1a recetas, ejecuta cortes con seguridad y controla calidad\u2026 Alquimia en la Monta\u00f1a Duraci\u00f3n: 8\u201312h Formato: Presencial Taller pr\u00e1ctico de destilaci\u00f3n bot\u00e1nica en peque\u00f1o formato. Dise\u00f1a recetas, ejecuta cortes con seguridad [&hellip;]<\/p>","protected":false},"author":1,"featured_media":0,"parent":0,"menu_order":0,"comment_status":"closed","ping_status":"closed","template":"page-no-title","meta":{"footnotes":""},"class_list":["post-2510","page","type-page","status-publish","hentry"],"aioseo_notices":[],"_links":{"self":[{"href":"https:\/\/naturalscience.com.co\/en\/wp-json\/wp\/v2\/pages\/2510","targetHints":{"allow":["GET"]}}],"collection":[{"href":"https:\/\/naturalscience.com.co\/en\/wp-json\/wp\/v2\/pages"}],"about":[{"href":"https:\/\/naturalscience.com.co\/en\/wp-json\/wp\/v2\/types\/page"}],"author":[{"embeddable":true,"href":"https:\/\/naturalscience.com.co\/en\/wp-json\/wp\/v2\/users\/1"}],"replies":[{"embeddable":true,"href":"https:\/\/naturalscience.com.co\/en\/wp-json\/wp\/v2\/comments?post=2510"}],"version-history":[{"count":8,"href":"https:\/\/naturalscience.com.co\/en\/wp-json\/wp\/v2\/pages\/2510\/revisions"}],"predecessor-version":[{"id":2887,"href":"https:\/\/naturalscience.com.co\/en\/wp-json\/wp\/v2\/pages\/2510\/revisions\/2887"}],"wp:attachment":[{"href":"https:\/\/naturalscience.com.co\/en\/wp-json\/wp\/v2\/media?parent=2510"}],"curies":[{"name":"wp","href":"https:\/\/api.w.org\/{rel}","templated":true}]}}