{"id":20,"date":"2025-07-05T09:53:56","date_gmt":"2025-07-05T09:53:56","guid":{"rendered":"https:\/\/naturalscience.com.co\/pricing-faq\/"},"modified":"2025-09-18T00:24:49","modified_gmt":"2025-09-18T00:24:49","slug":"products-services","status":"publish","type":"page","link":"https:\/\/naturalscience.com.co\/en\/products-services\/","title":{"rendered":"Productos &#038; Servicios"},"content":{"rendered":"<div class=\"wp-block-group alignwide is-vertical is-layout-flex wp-container-core-group-is-layout-be2f2c56 wp-block-group-is-layout-flex\" style=\"margin-top:80px\">\n<h1 class=\"wp-block-heading max-w-500px\">Our Products and Services<\/h1>\n\n\n\n<hr class=\"heading-b-line\" \/>\n<\/div>\n\n\n\n<div class=\"wp-block-columns alignwide is-layout-flex wp-container-core-columns-is-layout-42771d74 wp-block-columns-is-layout-flex\" style=\"padding-top:var(--wp--preset--spacing--50);padding-bottom:var(--wp--preset--spacing--50)\">\n<div class=\"wp-block-column has-global-padding is-layout-constrained wp-block-column-is-layout-constrained\" style=\"flex-basis:50%\">\n<figure class=\"wp-block-image alignfull size-full has-custom-border is-style-default\"><img loading=\"lazy\" decoding=\"async\" width=\"1024\" height=\"683\" src=\"https:\/\/naturalscience.com.co\/wp-content\/uploads\/2025\/07\/7d0263ce598b5c52295345215649a9bc-xlarge.jpg\" alt=\"\" class=\"wp-image-2423\" style=\"border-radius:40px\" srcset=\"https:\/\/naturalscience.com.co\/wp-content\/uploads\/2025\/07\/7d0263ce598b5c52295345215649a9bc-xlarge.jpg 1024w, https:\/\/naturalscience.com.co\/wp-content\/uploads\/2025\/07\/7d0263ce598b5c52295345215649a9bc-xlarge-300x200.jpg 300w, https:\/\/naturalscience.com.co\/wp-content\/uploads\/2025\/07\/7d0263ce598b5c52295345215649a9bc-xlarge-768x512.jpg 768w\" sizes=\"auto, (max-width: 1024px) 100vw, 1024px\" \/><figcaption class=\"wp-element-caption\">&#8211;<\/figcaption><\/figure>\n<\/div>\n\n\n\n<div class=\"wp-block-column is-vertically-aligned-top has-global-padding is-layout-constrained wp-block-column-is-layout-constrained\" style=\"padding-top:var(--wp--preset--spacing--30);padding-bottom:var(--wp--preset--spacing--30);flex-basis:50%\">\n<div class=\"wp-block-group is-vertical is-layout-flex wp-container-core-group-is-layout-2d729e81 wp-block-group-is-layout-flex\">\n<h2 class=\"wp-block-heading\">Arkanna Gin<\/h2>\n\n\n\n<p>Arkanna, bottled alchemy with pure Colombian essence, crafted to enjoy every sip with zero psychoactives.<br>We combine tradition and technology to create a gin with an unprecedented flavor and zero carbon footprint.<br>Each sip honors our culture and botanical knowledge.<\/p>\n\n\n\n<div aria-hidden=\"true\" class=\"wp-block-spacer wp-container-content-9cfa9a5a\"><\/div>\n\n\n\n<div class=\"wp-block-buttons is-layout-flex wp-block-buttons-is-layout-flex\">\n<div class=\"wp-block-button\"><a class=\"wp-block-button__link wp-element-button\" href=\"http:\/\/arkanna.net\">Discover Arkanna \u2192<\/a><\/div>\n<\/div>\n<\/div>\n<\/div>\n<\/div>\n\n\n\n<div class=\"wp-block-columns alignwide is-layout-flex wp-container-core-columns-is-layout-42771d74 wp-block-columns-is-layout-flex\" style=\"padding-top:var(--wp--preset--spacing--50);padding-bottom:var(--wp--preset--spacing--50)\">\n<div class=\"wp-block-column is-vertically-aligned-top has-global-padding is-layout-constrained wp-block-column-is-layout-constrained\" style=\"padding-top:var(--wp--preset--spacing--30);padding-bottom:var(--wp--preset--spacing--30);flex-basis:50%\">\n<div class=\"wp-block-group is-vertical is-layout-flex wp-container-core-group-is-layout-2d729e81 wp-block-group-is-layout-flex\">\n<h2 class=\"wp-block-heading\">Development of new technologies<\/h2>\n\n\n\n<p>We develop technology to unlock processes, lower costs, and standardize quality, or launch new product lines with a real differentiator.<br>From mechatronic design and prototyping (hardware, firmware, and IoT; TRL 6\u20137) to the extraction\/standardization of botanical assets with Scent-X and co-developing MVPs with technical-regulatory validation.<\/p>\n\n\n\n<div aria-hidden=\"true\" class=\"wp-block-spacer wp-container-content-9cfa9a5a\"><\/div>\n\n\n\n<div class=\"wp-block-buttons is-layout-flex wp-block-buttons-is-layout-flex\">\n<div class=\"wp-block-button\"><a class=\"wp-block-button__link wp-element-button\" href=\"https:\/\/naturalscience.com.co\/en\/contact\/\">Get in touch now \u2192<\/a><\/div>\n<\/div>\n<\/div>\n<\/div>\n\n\n\n<div class=\"wp-block-column has-global-padding is-layout-constrained wp-block-column-is-layout-constrained\" style=\"flex-basis:50%\">\n<figure class=\"wp-block-image alignfull size-large has-custom-border is-style-default\"><img loading=\"lazy\" decoding=\"async\" width=\"1024\" height=\"682\" src=\"https:\/\/naturalscience.com.co\/wp-content\/uploads\/2025\/08\/biotech-Large-1024x682.jpeg\" alt=\"biotech\" class=\"wp-image-2699\" style=\"border-radius:40px\" srcset=\"https:\/\/naturalscience.com.co\/wp-content\/uploads\/2025\/08\/biotech-Large-1024x682.jpeg 1024w, https:\/\/naturalscience.com.co\/wp-content\/uploads\/2025\/08\/biotech-Large-300x200.jpeg 300w, https:\/\/naturalscience.com.co\/wp-content\/uploads\/2025\/08\/biotech-Large-768x512.jpeg 768w, https:\/\/naturalscience.com.co\/wp-content\/uploads\/2025\/08\/biotech-Large-18x12.jpeg 18w, https:\/\/naturalscience.com.co\/wp-content\/uploads\/2025\/08\/biotech-Large.jpeg 1280w\" sizes=\"auto, (max-width: 1024px) 100vw, 1024px\" \/><\/figure>\n<\/div>\n<\/div>\n\n\n\n<div class=\"wp-block-columns alignwide is-layout-flex wp-container-core-columns-is-layout-42771d74 wp-block-columns-is-layout-flex\" style=\"padding-top:var(--wp--preset--spacing--50);padding-bottom:var(--wp--preset--spacing--50)\">\n<div class=\"wp-block-column has-global-padding is-layout-constrained wp-block-column-is-layout-constrained\" style=\"flex-basis:50%\">\n<figure class=\"wp-block-image alignfull size-full has-custom-border is-style-default\"><img loading=\"lazy\" decoding=\"async\" width=\"2560\" height=\"1708\" src=\"https:\/\/naturalscience.com.co\/wp-content\/uploads\/2025\/08\/research-scaled.jpg\" alt=\"Research\" class=\"wp-image-2698\" style=\"border-radius:40px\" srcset=\"https:\/\/naturalscience.com.co\/wp-content\/uploads\/2025\/08\/research-scaled.jpg 2560w, https:\/\/naturalscience.com.co\/wp-content\/uploads\/2025\/08\/research-300x200.jpg 300w, https:\/\/naturalscience.com.co\/wp-content\/uploads\/2025\/08\/research-1024x683.jpg 1024w, https:\/\/naturalscience.com.co\/wp-content\/uploads\/2025\/08\/research-768x512.jpg 768w, https:\/\/naturalscience.com.co\/wp-content\/uploads\/2025\/08\/research-1536x1025.jpg 1536w, https:\/\/naturalscience.com.co\/wp-content\/uploads\/2025\/08\/research-2048x1366.jpg 2048w, https:\/\/naturalscience.com.co\/wp-content\/uploads\/2025\/08\/research-18x12.jpg 18w\" sizes=\"auto, (max-width: 2560px) 100vw, 2560px\" \/><figcaption class=\"wp-element-caption\">&#8211;<\/figcaption><\/figure>\n<\/div>\n\n\n\n<div class=\"wp-block-column is-vertically-aligned-top has-global-padding is-layout-constrained wp-block-column-is-layout-constrained\" style=\"padding-top:var(--wp--preset--spacing--30);padding-bottom:var(--wp--preset--spacing--30);flex-basis:50%\">\n<div class=\"wp-block-group is-vertical is-layout-flex wp-container-core-group-is-layout-2d729e81 wp-block-group-is-layout-flex\">\n<h2 class=\"wp-block-heading\">Bio-based Product R&amp;D<\/h2>\n\n\n\n<p>We explore, design, and prototype beverages and botanical ingredients: from the initial idea to early-stage testing to inform scaling decisions.<br>R&amp;D with technical and sensory evidence: rapid formulation, prototypes, HPLC\/GC-MS screening, and low-solvent extraction (Scent-X).<br>We provide a scaling plan and SOPs for brands and innovation teams in functional beverages, bases\/aromas, and botanical blends.<\/p>\n\n\n\n<div aria-hidden=\"true\" class=\"wp-block-spacer wp-container-content-9cfa9a5a\"><\/div>\n\n\n\n<div class=\"wp-block-buttons is-layout-flex wp-block-buttons-is-layout-flex\">\n<div class=\"wp-block-button\"><a class=\"wp-block-button__link wp-element-button\" href=\"https:\/\/naturalscience.com.co\/en\/contact\/\">Get in touch now \u2192<\/a><\/div>\n<\/div>\n<\/div>\n<\/div>\n<\/div>\n\n\n\n<div class=\"wp-block-columns alignwide is-layout-flex wp-container-core-columns-is-layout-42771d74 wp-block-columns-is-layout-flex\" style=\"padding-top:var(--wp--preset--spacing--50);padding-bottom:var(--wp--preset--spacing--50)\">\n<div class=\"wp-block-column is-vertically-aligned-top has-global-padding is-layout-constrained wp-block-column-is-layout-constrained\" style=\"padding-top:var(--wp--preset--spacing--30);padding-bottom:var(--wp--preset--spacing--30);flex-basis:50%\">\n<div class=\"wp-block-group is-vertical is-layout-flex wp-container-core-group-is-layout-2d729e81 wp-block-group-is-layout-flex\">\n<h2 class=\"wp-block-heading\">Training and Development<\/h2>\n\n\n\n<p>Social appropriation of knowledge: Territorial programs and responsible licensing of Scent-X (for communities and public entities\/NGOs)<br>ERSA training: Fundamentals, modeling (RISC5), QA\/QC, and interacting with authorities (Colombia\/Peru) for industry and government.<br>Workshops and bootcamps: Immersive botanical distillation and in-company programs (Starter\/Pro\/Lab-Immersion) with applied projects; for technical audiences and enthusiasts.<\/p>\n\n\n\n<div aria-hidden=\"true\" class=\"wp-block-spacer wp-container-content-9cfa9a5a\"><\/div>\n\n\n\n<div class=\"wp-block-buttons is-layout-flex wp-block-buttons-is-layout-flex\">\n<div class=\"wp-block-button\"><a class=\"wp-block-button__link wp-element-button\" href=\"https:\/\/naturalscience.com.co\/en\/contact\/\">Get in touch now \u2192<\/a><\/div>\n<\/div>\n<\/div>\n<\/div>\n\n\n\n<div class=\"wp-block-column has-global-padding is-layout-constrained wp-block-column-is-layout-constrained\" style=\"flex-basis:50%\">\n<figure class=\"wp-block-image alignfull size-large has-custom-border is-style-default\"><img loading=\"lazy\" decoding=\"async\" width=\"1024\" height=\"682\" src=\"https:\/\/naturalscience.com.co\/wp-content\/uploads\/2025\/08\/biotech-Large-1024x682.jpeg\" alt=\"biotech\" class=\"wp-image-2699\" style=\"border-radius:40px\" srcset=\"https:\/\/naturalscience.com.co\/wp-content\/uploads\/2025\/08\/biotech-Large-1024x682.jpeg 1024w, https:\/\/naturalscience.com.co\/wp-content\/uploads\/2025\/08\/biotech-Large-300x200.jpeg 300w, https:\/\/naturalscience.com.co\/wp-content\/uploads\/2025\/08\/biotech-Large-768x512.jpeg 768w, https:\/\/naturalscience.com.co\/wp-content\/uploads\/2025\/08\/biotech-Large-18x12.jpeg 18w, https:\/\/naturalscience.com.co\/wp-content\/uploads\/2025\/08\/biotech-Large.jpeg 1280w\" sizes=\"auto, (max-width: 1024px) 100vw, 1024px\" \/><\/figure>\n<\/div>\n<\/div>\n\n\n\n<div class=\"wp-block-columns alignwide is-layout-flex wp-container-core-columns-is-layout-42771d74 wp-block-columns-is-layout-flex\" style=\"padding-top:var(--wp--preset--spacing--50);padding-bottom:var(--wp--preset--spacing--50)\">\n<div class=\"wp-block-column has-global-padding is-layout-constrained wp-block-column-is-layout-constrained\" style=\"flex-basis:50%\">\n<figure class=\"wp-block-image alignfull size-full has-custom-border is-style-default\"><img loading=\"lazy\" decoding=\"async\" width=\"2560\" height=\"1707\" src=\"https:\/\/naturalscience.com.co\/wp-content\/uploads\/2025\/08\/inspection-scaled.jpg\" alt=\"inspection\" class=\"wp-image-2697\" style=\"border-radius:40px\" srcset=\"https:\/\/naturalscience.com.co\/wp-content\/uploads\/2025\/08\/inspection-scaled.jpg 2560w, https:\/\/naturalscience.com.co\/wp-content\/uploads\/2025\/08\/inspection-300x200.jpg 300w, https:\/\/naturalscience.com.co\/wp-content\/uploads\/2025\/08\/inspection-1024x683.jpg 1024w, https:\/\/naturalscience.com.co\/wp-content\/uploads\/2025\/08\/inspection-768x512.jpg 768w, https:\/\/naturalscience.com.co\/wp-content\/uploads\/2025\/08\/inspection-1536x1024.jpg 1536w, https:\/\/naturalscience.com.co\/wp-content\/uploads\/2025\/08\/inspection-2048x1365.jpg 2048w, https:\/\/naturalscience.com.co\/wp-content\/uploads\/2025\/08\/inspection-18x12.jpg 18w\" sizes=\"auto, (max-width: 2560px) 100vw, 2560px\" \/><figcaption class=\"wp-element-caption\">&#8211;<\/figcaption><\/figure>\n<\/div>\n\n\n\n<div class=\"wp-block-column is-vertically-aligned-top has-global-padding is-layout-constrained wp-block-column-is-layout-constrained\" style=\"padding-top:var(--wp--preset--spacing--30);padding-bottom:var(--wp--preset--spacing--30);flex-basis:50%\">\n<div class=\"wp-block-group is-vertical is-layout-flex wp-container-core-group-is-layout-2d729e81 wp-block-group-is-layout-flex\">\n<h2 class=\"wp-block-heading\">Toxicological and ERSA Consulting<\/h2>\n\n\n\n<p>Comprehensive ERSA: From the Conceptual Site Model to risk characterization, using deterministic and PRA approaches. For industry, authorities, and consultants.<br>TRV e IGBR<strong>:<\/strong> We provide selection\/justification and site-specific adjustment for technical and regulatory teams. <br>Auditing \/<strong> <\/strong>Intervention: Critical review, independent recalculation, and technical control of contracts for public and private entities.<\/p>\n\n\n\n<div aria-hidden=\"true\" class=\"wp-block-spacer wp-container-content-9cfa9a5a\"><\/div>\n\n\n\n<div class=\"wp-block-buttons is-layout-flex wp-block-buttons-is-layout-flex\">\n<div class=\"wp-block-button\"><a class=\"wp-block-button__link wp-element-button\" href=\"https:\/\/naturalscience.com.co\/en\/contact\/\">Get in touch now \u2192<\/a><\/div>\n<\/div>\n<\/div>\n<\/div>\n<\/div>\n\n\n\n<aside class=\"wp-block-group alignfull is-style-default has-global-padding is-layout-constrained wp-container-core-group-is-layout-cc951bb7 wp-block-group-is-layout-constrained\" style=\"margin-top:0;margin-bottom:0;padding-top:var(--wp--preset--spacing--60);padding-right:var(--wp--preset--spacing--50);padding-bottom:var(--wp--preset--spacing--60);padding-left:var(--wp--preset--spacing--50)\">\n<div class=\"wp-block-group alignwide is-vertical is-content-justification-center is-layout-flex wp-container-core-group-is-layout-8778ca4a wp-block-group-is-layout-flex\" style=\"min-height:360px;margin-top:0;margin-bottom:0\">\n<h2 class=\"wp-block-heading has-text-align-center has-xx-large-font-size\">Ready to innovate with us?<\/h2>\n\n\n\n<p class=\"has-text-align-center is-style-default\">Discover how our solutions can transform your project and contribute to a more sustainable future.<\/p>\n\n\n\n<div style=\"height:0px\" aria-hidden=\"true\" class=\"wp-block-spacer wp-container-content-62aae154\"><\/div>\n\n\n\n<div class=\"wp-block-buttons is-content-justification-center is-layout-flex wp-container-core-buttons-is-layout-a89b3969 wp-block-buttons-is-layout-flex\">\n<div class=\"wp-block-button\"><a class=\"wp-block-button__link has-text-align-center wp-element-button\" href=\"https:\/\/naturalscience.com.co\/en\/contact\/\">Get in touch<\/a><\/div>\n<\/div>\n<\/div>\n<\/aside>","protected":false},"excerpt":{"rendered":"<p>Nuestros Productos y Servicios Arkanna Ginebra Arkanna, alquimia embotellada con esencia colombiana pura, elaborada para disfrutar cada sorbo con cero psicoactivos.Fusionamos tradici\u00f3n y tecnolog\u00eda para una ginebra de sabor in\u00e9dito y huella cero carbono.Cada sorbo honra nuestra cultura y saberes bot\u00e1nicos. Desarrollo de nuevas tecnolog\u00edas Desarrollamos tecnolog\u00eda para destrabar procesos, bajar costos y estandarizar calidad, [&hellip;]<\/p>","protected":false},"author":1,"featured_media":0,"parent":0,"menu_order":0,"comment_status":"closed","ping_status":"closed","template":"page-no-title","meta":{"footnotes":""},"class_list":["post-20","page","type-page","status-publish","hentry"],"aioseo_notices":[],"_links":{"self":[{"href":"https:\/\/naturalscience.com.co\/en\/wp-json\/wp\/v2\/pages\/20","targetHints":{"allow":["GET"]}}],"collection":[{"href":"https:\/\/naturalscience.com.co\/en\/wp-json\/wp\/v2\/pages"}],"about":[{"href":"https:\/\/naturalscience.com.co\/en\/wp-json\/wp\/v2\/types\/page"}],"author":[{"embeddable":true,"href":"https:\/\/naturalscience.com.co\/en\/wp-json\/wp\/v2\/users\/1"}],"replies":[{"embeddable":true,"href":"https:\/\/naturalscience.com.co\/en\/wp-json\/wp\/v2\/comments?post=20"}],"version-history":[{"count":12,"href":"https:\/\/naturalscience.com.co\/en\/wp-json\/wp\/v2\/pages\/20\/revisions"}],"predecessor-version":[{"id":2944,"href":"https:\/\/naturalscience.com.co\/en\/wp-json\/wp\/v2\/pages\/20\/revisions\/2944"}],"wp:attachment":[{"href":"https:\/\/naturalscience.com.co\/en\/wp-json\/wp\/v2\/media?parent=20"}],"curies":[{"name":"wp","href":"https:\/\/api.w.org\/{rel}","templated":true}]}}